{"id":16,"date":"2023-05-03T20:12:38","date_gmt":"2023-05-03T18:12:38","guid":{"rendered":"http:\/\/www.aks-metzingen.eu\/aks\/?page_id=16"},"modified":"2023-05-03T20:13:19","modified_gmt":"2023-05-03T18:13:19","slug":"der-arbeitskreis-stadtgeschichte-stellt-sich-vor","status":"publish","type":"page","link":"https:\/\/www.aks-metzingen.eu\/aks\/der-arbeitskreis-stadtgeschichte-stellt-sich-vor\/","title":{"rendered":"Der AKS stellt sich vor"},"content":{"rendered":"<div>\n<p><a href=\"http:\/\/www.aks-metzingen.eu\/aks\/wp-content\/uploads\/2011\/07\/brunnen.jpg\"><img loading=\"lazy\" decoding=\"async\" class=\"alignleft size-medium wp-image-17\" title=\"brunnen\" src=\"http:\/\/www.aks-metzingen.eu\/aks\/wp-content\/uploads\/2011\/07\/brunnen-300x300.jpg\" alt=\"\" width=\"126\" height=\"126\" srcset=\"https:\/\/www.aks-metzingen.eu\/aks\/wp-content\/uploads\/2011\/07\/brunnen-300x300.jpg 300w, https:\/\/www.aks-metzingen.eu\/aks\/wp-content\/uploads\/2011\/07\/brunnen-150x150.jpg 150w, https:\/\/www.aks-metzingen.eu\/aks\/wp-content\/uploads\/2011\/07\/brunnen.jpg 355w\" sizes=\"auto, (max-width: 126px) 100vw, 126px\" \/><\/a>Der Arbeitskreis Stadtgeschichte (AKS), seit Januar 2010 auch Geschichtsverein Metzingen e. V., wurde im Jahre 1981 als Gliederung der Volkshochschule Metzingen-Ermstal e. V. gegr\u00fcndet. Erster Vorsitzender war Peter Rogosch (1944 &#8211; 2022), der den Verein 33 Jahre leitete. 1986 bekam der AKS&nbsp; eigene Statuten. Heute z\u00e4hlt er etwa 300 Mitglieder. Sein Ziel ist die Pflege der Stadt- und Heimatgeschichte. Er gibt eine eigene Vereinszeitung, die SPUREN, mit Beitr\u00e4gen zur Stadt- und Heimatgeschichte heraus. In den SPUREN, die auch auf sehr lebhaftes Interesse au\u00dferhalb des Mitgliederkreises sto\u00dfen, wird stets \u00fcber das Vereinsgeschehen, die Mitgliederbewegung und das laufende Programm berichtet.<br \/>\nDer AKS ist Herausgeber der Buchreihe &#8222;Metzinger Heimatbl\u00e4tter&#8220;, daneben publizierte er eine Monografie \u00fcber den geb\u00fcrtigen Metzinger Christian Friedrich Sch\u00f6nbein (1799 &#8211; 1868), den Entdecker des Ozons, der Schie\u00dfbaumwolle und Wegbereiter der Brennstoffzelle. Er veranstaltete in den vergangenen Jahren zahlreiche stadtgeschichtliche Ausstellungen und gab Kataloge dazu heraus. Die Rettung von historischer Bausubstanz in Metzingen ist ebenfalls ein bedeutendes Aufgabenfeld des AKS. Als Beispiele seien die Buaba-M\u00e4dla-Treppe und die Br\u00fcckenwangen der alten Eisenbahnbr\u00fccke genannt. Mehrfach hat er sich an arch\u00e4ologischen Ausgrabungen unter der Leitung des Landesdenkmalamtes beteiligt. Mit seinem vielf\u00e4ltigen Exkursionsprogramm vermittelt der AKS vornehmlich seinen Mitgliedern wertvolle Eindr\u00fccke zur deutschen und speziell zur Landesgeschichte. Die jeweils mehrt\u00e4gigen Jahreshauptexkursionen f\u00fchrten bisher u. a. nach N\u00fcrnberg, Bamberg, Regensburg, Aachen und K\u00f6ln, nach Basel, Berlin, Mainz, Noyon, Burgund, ins ehemals w\u00fcrttembergische M\u00f6mpelgard, Metz, Verdun und Parma, Bologna und Mantua.<br \/>\nAuch der Osten mit Dresden, Magdeburg, G\u00f6rlitz wurde besucht. Eine \u00dcbersicht, die auch Tagesexkursionen enh\u00e4lt, finden Sie <span style=\"text-decoration: underline;\"><a title=\"Liste der AKS-Exkursionen\" href=\"http:\/\/www.aks-metzingen.eu\/aks\/files\/AKS-Exkursionen.pdf\" target=\"_blank\" rel=\"noopener\">hier<\/a><\/span>.<\/p>\n<p>Der Arbeitskreis Stadtgeschichte verf\u00fcgt in seinen von der Stadt Metzingen im Klosterhof 13 zur Verf\u00fcgung gestellten Archiv- und Gesch\u00e4ftsr\u00e4umen \u00fcber eine umfangreiche Bibliothek und einen wertvollen Archivbestand. Das Bildarchiv des AKS umfasst viele tausend Bilder und wird eigens von einer Gruppe gepflegt.<\/p>\n<p>Er finanziert sich durch Mitgliederbeitr\u00e4ge, durch Spenden und durch den Verkauf seiner Produkte. Im Jahr 2000 wurde der Arbeitskreis Stadtgeschichte von der Landesregierung als vorbildliche kommunale B\u00fcrgeraktion ausgezeichnet.<\/p>\n<\/div>\n","protected":false},"excerpt":{"rendered":"<p>Der Arbeitskreis Stadtgeschichte (AKS), seit Januar 2010 auch Geschichtsverein Metzingen e. V., wurde im Jahre 1981 als Gliederung der Volkshochschule Metzingen-Ermstal e. V. gegr\u00fcndet. Erster Vorsitzender war Peter Rogosch (1944 &#8211; 2022), der den Verein 33 Jahre leitete. 1986 bekam &hellip; <a href=\"https:\/\/www.aks-metzingen.eu\/aks\/der-arbeitskreis-stadtgeschichte-stellt-sich-vor\/\">Weiterlesen <span class=\"meta-nav\">&rarr;<\/span><\/a><\/p>\n","protected":false},"author":4,"featured_media":0,"parent":0,"menu_order":1,"comment_status":"closed","ping_status":"closed","template":"","meta":{"ngg_post_thumbnail":0,"footnotes":""},"class_list":["post-16","page","type-page","status-publish","hentry"],"_links":{"self":[{"href":"https:\/\/www.aks-metzingen.eu\/aks\/wp-json\/wp\/v2\/pages\/16","targetHints":{"allow":["GET"]}}],"collection":[{"href":"https:\/\/www.aks-metzingen.eu\/aks\/wp-json\/wp\/v2\/pages"}],"about":[{"href":"https:\/\/www.aks-metzingen.eu\/aks\/wp-json\/wp\/v2\/types\/page"}],"author":[{"embeddable":true,"href":"https:\/\/www.aks-metzingen.eu\/aks\/wp-json\/wp\/v2\/users\/4"}],"replies":[{"embeddable":true,"href":"https:\/\/www.aks-metzingen.eu\/aks\/wp-json\/wp\/v2\/comments?post=16"}],"version-history":[{"count":24,"href":"https:\/\/www.aks-metzingen.eu\/aks\/wp-json\/wp\/v2\/pages\/16\/revisions"}],"predecessor-version":[{"id":3859,"href":"https:\/\/www.aks-metzingen.eu\/aks\/wp-json\/wp\/v2\/pages\/16\/revisions\/3859"}],"wp:attachment":[{"href":"https:\/\/www.aks-metzingen.eu\/aks\/wp-json\/wp\/v2\/media?parent=16"}],"curies":[{"name":"wp","href":"https:\/\/api.w.org\/{rel}","templated":true}]}}